{"id":25,"date":"2025-06-01T11:33:29","date_gmt":"2025-06-01T09:33:29","guid":{"rendered":"https:\/\/lauftreff-falkensee.de\/?page_id=25"},"modified":"2025-06-01T12:57:57","modified_gmt":"2025-06-01T10:57:57","slug":"termine","status":"publish","type":"page","link":"https:\/\/lauftreff-falkensee.de\/","title":{"rendered":""},"content":{"rendered":"\n<h2 class=\"wp-block-heading\">Der Lauftreff<\/h2>\n\n\n\n<p>Der Lauftreff findet jede Woche Dienstag Abend statt. Wir laufen Strecken zwischen 7 und 11km L\u00e4nge mit einer Pace von ca. 6 min\/km bis 5 min\/km (10 &#8211; 12 km\/h). W\u00e4hrend der L\u00e4ufe unterhalten wir uns miteinander &#8211; es geht nicht um  sportliche H\u00f6chstleistungen. Neue L\u00e4uferinnen und L\u00e4ufer sind gerne willkommen!<\/p>\n\n\n\n<h2 class=\"wp-block-heading\">Treffpunkt<\/h2>\n\n\n\n<p>Wir treffen uns w\u00e4hrend der Sommerzeit auf dem Parkplatz Falkenhagener See \/ Humboldtallee. W\u00e4hrend der Winterzeit auf dem Parkplatz Falkenmarkt (Spandauer Stra\u00dfe 112).<\/p>\n\n\n\n<h2 class=\"wp-block-heading\">Strecke<\/h2>\n\n\n\n<p>Im Sommer laufen wir durch den Spandauer Fortst, im Winter durch den Spektepark. Je nach Lust, Kondition und Wetter kann die Strecke zwischen 7 und 11 km gew\u00e4hlt werden.<\/p>\n\n\n\n<p><a href=\"https:\/\/lauftreff-falkensee.de\/media\/Lauftreff_Sommerrunde.gpx\" download=\"\" data-type=\"link\" data-id=\"https:\/\/lauftreff-falkensee.de\/media\/Lauftreff_Sommerrunde.gpx\">Sommerstrecke als GPX-Datei herunterladen<\/a><\/p>\n\n\n\n<h2 class=\"wp-block-heading\">Termine<\/h2>\n\n\n\n<ul class=\"wp-block-list\">\n<li>3.6.2025 Tiergartenstaffel<\/li>\n\n\n\n<li>26.7.2025 Adidas City Night<\/li>\n<\/ul>\n\n\n\n<h2 class=\"wp-block-heading\">Sonstiges<\/h2>\n\n\n\n<ul class=\"wp-block-list\">\n<li>Es gibt keine Duschen oder Umkleidekabinen<\/li>\n\n\n\n<li>Fragen bitte an martin@lauftreff-falkensee.de<\/li>\n<\/ul>\n","protected":false},"excerpt":{"rendered":"<p>Der Lauftreff Der Lauftreff findet jede Woche Dienstag Abend statt. Wir laufen Strecken zwischen 7 und 11km L\u00e4nge mit einer Pace von ca. 6 min\/km bis 5 min\/km (10 &#8211; 12 km\/h). W\u00e4hrend der L\u00e4ufe unterhalten wir uns miteinander &#8211; es geht nicht um sportliche H\u00f6chstleistungen. Neue L\u00e4uferinnen und L\u00e4ufer sind gerne willkommen! Treffpunkt Wir [&hellip;]<\/p>\n","protected":false},"author":1,"featured_media":0,"parent":0,"menu_order":0,"comment_status":"closed","ping_status":"closed","template":"","meta":{"footnotes":""},"class_list":["post-25","page","type-page","status-publish","hentry"],"_links":{"self":[{"href":"https:\/\/lauftreff-falkensee.de\/index.php?rest_route=\/wp\/v2\/pages\/25","targetHints":{"allow":["GET"]}}],"collection":[{"href":"https:\/\/lauftreff-falkensee.de\/index.php?rest_route=\/wp\/v2\/pages"}],"about":[{"href":"https:\/\/lauftreff-falkensee.de\/index.php?rest_route=\/wp\/v2\/types\/page"}],"author":[{"embeddable":true,"href":"https:\/\/lauftreff-falkensee.de\/index.php?rest_route=\/wp\/v2\/users\/1"}],"replies":[{"embeddable":true,"href":"https:\/\/lauftreff-falkensee.de\/index.php?rest_route=%2Fwp%2Fv2%2Fcomments&post=25"}],"version-history":[{"count":5,"href":"https:\/\/lauftreff-falkensee.de\/index.php?rest_route=\/wp\/v2\/pages\/25\/revisions"}],"predecessor-version":[{"id":38,"href":"https:\/\/lauftreff-falkensee.de\/index.php?rest_route=\/wp\/v2\/pages\/25\/revisions\/38"}],"wp:attachment":[{"href":"https:\/\/lauftreff-falkensee.de\/index.php?rest_route=%2Fwp%2Fv2%2Fmedia&parent=25"}],"curies":[{"name":"wp","href":"https:\/\/api.w.org\/{rel}","templated":true}]}}